{"id":94,"date":"2024-02-29T11:47:04","date_gmt":"2024-02-29T10:47:04","guid":{"rendered":"https:\/\/whiterock.pl\/public\/?page_id=94"},"modified":"2024-06-10T15:35:45","modified_gmt":"2024-06-10T13:35:45","slug":"homepage","status":"publish","type":"page","link":"https:\/\/whiterock.pl\/public\/","title":{"rendered":""},"content":{"rendered":"\n<div class=\"wp-block-cover alignfull is-light\"><span aria-hidden=\"true\" class=\"wp-block-cover__background has-background-dim-20 has-background-dim\" style=\"background-color:#a0afc2\"><\/span><img fetchpriority=\"high\" decoding=\"async\" width=\"2560\" height=\"1024\" class=\"wp-block-cover__image-background wp-image-348\" alt=\"\" src=\"https:\/\/whiterock.pl\/public\/wp-content\/uploads\/2024\/04\/Bez-tytulu-2000-x-1200-px-scaled.jpg\" data-object-fit=\"cover\" srcset=\"https:\/\/whiterock.pl\/public\/wp-content\/uploads\/2024\/04\/Bez-tytulu-2000-x-1200-px-scaled.jpg 2560w, https:\/\/whiterock.pl\/public\/wp-content\/uploads\/2024\/04\/Bez-tytulu-2000-x-1200-px-300x120.jpg 300w, https:\/\/whiterock.pl\/public\/wp-content\/uploads\/2024\/04\/Bez-tytulu-2000-x-1200-px-1024x410.jpg 1024w, https:\/\/whiterock.pl\/public\/wp-content\/uploads\/2024\/04\/Bez-tytulu-2000-x-1200-px-2000x800.jpg 2000w\" sizes=\"(max-width: 2560px) 100vw, 2560px\" \/><div class=\"wp-block-cover__inner-container has-global-padding is-layout-constrained wp-block-cover-is-layout-constrained\">\n<figure class=\"wp-block-image aligncenter size-full is-resized\"><a href=\"https:\/\/whiterock.pl\/public\/\"><img decoding=\"async\" width=\"1080\" height=\"1080\" src=\"https:\/\/whiterock.pl\/public\/wp-content\/uploads\/2024\/04\/logo_22.png\" alt=\"\" class=\"wp-image-309\" style=\"width:254px;height:auto\" srcset=\"https:\/\/whiterock.pl\/public\/wp-content\/uploads\/2024\/04\/logo_22.png 1080w, https:\/\/whiterock.pl\/public\/wp-content\/uploads\/2024\/04\/logo_22-300x300.png 300w, https:\/\/whiterock.pl\/public\/wp-content\/uploads\/2024\/04\/logo_22-1024x1024.png 1024w, https:\/\/whiterock.pl\/public\/wp-content\/uploads\/2024\/04\/logo_22-150x150.png 150w\" sizes=\"(max-width: 1080px) 100vw, 1080px\" \/><\/a><\/figure>\n\n\n\n<div style=\"height:180px\" aria-hidden=\"true\" class=\"wp-block-spacer\"><\/div>\n\n\n\n<figure class=\"wp-block-image alignright size-full is-resized\"><a href=\"https:\/\/whiterock.pl\/public\/?page_id=544&amp;lang=en\"><img decoding=\"async\" width=\"945\" height=\"945\" src=\"https:\/\/whiterock.pl\/public\/wp-content\/uploads\/2024\/06\/ang.png\" alt=\"\" class=\"wp-image-492\" style=\"width:56px;height:auto\" srcset=\"https:\/\/whiterock.pl\/public\/wp-content\/uploads\/2024\/06\/ang.png 945w, https:\/\/whiterock.pl\/public\/wp-content\/uploads\/2024\/06\/ang-300x300.png 300w, https:\/\/whiterock.pl\/public\/wp-content\/uploads\/2024\/06\/ang-150x150.png 150w\" sizes=\"(max-width: 945px) 100vw, 945px\" \/><\/a><\/figure>\n<\/div><\/div>\n\n\n\n<div class=\"wp-block-columns is-layout-flex wp-container-core-columns-is-layout-28f84493 wp-block-columns-is-layout-flex\">\n<div class=\"wp-block-column is-layout-flow wp-block-column-is-layout-flow\">\n<div class=\"wp-block-columns are-vertically-aligned-top is-layout-flex wp-container-core-columns-is-layout-d7d455e7 wp-block-columns-is-layout-flex\" style=\"padding-top:0;padding-right:0;padding-bottom:0;padding-left:0\">\n<div class=\"wp-block-column is-vertically-aligned-top is-layout-flow wp-block-column-is-layout-flow\" style=\"padding-right:7%;flex-basis:50%\">\n<p class=\"has-text-color\" style=\"color:#0bb4aa\"><br><\/p>\n<\/div>\n<\/div>\n\n\n\n<div class=\"wp-block-group has-global-padding is-layout-constrained wp-block-group-is-layout-constrained\">\n<div class=\"wp-block-columns is-layout-flex wp-container-core-columns-is-layout-28f84493 wp-block-columns-is-layout-flex\">\n<div class=\"wp-block-column is-layout-flow wp-block-column-is-layout-flow\">\n<div class=\"wp-block-group has-global-padding is-layout-constrained wp-block-group-is-layout-constrained\">\n<div class=\"wp-block-group alignwide has-global-padding is-layout-constrained wp-container-core-group-is-layout-19e250f3 wp-block-group-is-layout-constrained\">\n<p class=\"has-text-color has-medium-font-size\" style=\"color:#92292d\">Z nami mo\u017cesz wi\u0119cej!<\/p>\n\n\n\n<h2 class=\"wp-block-heading alignwide has-x-large-font-size\" style=\"line-height:1.1\">Zapraszamy do WhiteRock Twojego partnera w biznesie i finansach<\/h2>\n<\/div>\n\n\n\n<p><\/p>\n\n\n\n<div class=\"wp-block-group alignwide has-global-padding is-layout-constrained wp-container-core-group-is-layout-19e250f3 wp-block-group-is-layout-constrained\">\n<p class=\"has-medium-font-size\">Specjalizujemy si\u0119 w kompleksowym doradztwie dla firm z r\u00f3\u017cnych sektor\u00f3w i rynk\u00f3w. Nasze do\u015bwiadczenie<\/p>\n\n\n\n<p class=\"has-medium-font-size\">w sektorze bankowym pozwala nam trafnie diagnozowa\u0107 potrzeby Klient\u00f3w i oferowa\u0107 skrojone na miar\u0119 rozwi\u0105zania. Skontaktuj si\u0119 z nami, aby odkry\u0107, jak mo\u017cemy wesprze\u0107 rozw\u00f3j Twojego biznesu.<\/p>\n<\/div>\n<\/div>\n<\/div>\n<\/div>\n<\/div>\n<\/div>\n<\/div>\n\n\n\n<h2 class=\"wp-block-heading has-text-align-center has-text-color has-link-color has-large-font-size wp-elements-5a464613141989cdbac3262b4d0866af\" style=\"color:#92292d;letter-spacing:1px\"><\/h2>\n\n\n\n<div style=\"height:22px\" aria-hidden=\"true\" class=\"wp-block-spacer\"><\/div>\n\n\n\n<figure class=\"wp-block-image aligncenter size-full is-resized is-style-default\"><a href=\"https:\/\/whiterock.pl\/public\/?page_id=325\"><img loading=\"lazy\" decoding=\"async\" width=\"2000\" height=\"2000\" src=\"https:\/\/whiterock.pl\/public\/wp-content\/uploads\/2024\/04\/fina.png\" alt=\"\" class=\"wp-image-360\" style=\"width:314px;height:auto\" srcset=\"https:\/\/whiterock.pl\/public\/wp-content\/uploads\/2024\/04\/fina.png 2000w, https:\/\/whiterock.pl\/public\/wp-content\/uploads\/2024\/04\/fina-300x300.png 300w, https:\/\/whiterock.pl\/public\/wp-content\/uploads\/2024\/04\/fina-1024x1024.png 1024w, https:\/\/whiterock.pl\/public\/wp-content\/uploads\/2024\/04\/fina-150x150.png 150w\" sizes=\"(max-width: 2000px) 100vw, 2000px\" \/><\/a><\/figure>\n\n\n\n<div style=\"height:95px\" aria-hidden=\"true\" class=\"wp-block-spacer\"><\/div>\n\n\n\n<p><\/p>\n","protected":false},"excerpt":{"rendered":"<p>Z nami mo\u017cesz wi\u0119cej! Zapraszamy do WhiteRock Twojego partnera w biznesie i finansach Specjalizujemy si\u0119 w kompleksowym doradztwie dla firm z r\u00f3\u017cnych sektor\u00f3w i rynk\u00f3w. Nasze do\u015bwiadczenie w sektorze bankowym pozwala nam trafnie diagnozowa\u0107 potrzeby Klient\u00f3w i oferowa\u0107 skrojone na miar\u0119 rozwi\u0105zania. Skontaktuj si\u0119 z nami, aby odkry\u0107, jak mo\u017cemy wesprze\u0107 rozw\u00f3j Twojego biznesu.<\/p>\n","protected":false},"author":1,"featured_media":0,"parent":0,"menu_order":0,"comment_status":"closed","ping_status":"closed","template":"page-templates\/homepage-no-hero.php","meta":{"footnotes":""},"class_list":["post-94","page","type-page","status-publish","hentry"],"_links":{"self":[{"href":"https:\/\/whiterock.pl\/public\/index.php?rest_route=\/wp\/v2\/pages\/94","targetHints":{"allow":["GET"]}}],"collection":[{"href":"https:\/\/whiterock.pl\/public\/index.php?rest_route=\/wp\/v2\/pages"}],"about":[{"href":"https:\/\/whiterock.pl\/public\/index.php?rest_route=\/wp\/v2\/types\/page"}],"author":[{"embeddable":true,"href":"https:\/\/whiterock.pl\/public\/index.php?rest_route=\/wp\/v2\/users\/1"}],"replies":[{"embeddable":true,"href":"https:\/\/whiterock.pl\/public\/index.php?rest_route=%2Fwp%2Fv2%2Fcomments&post=94"}],"version-history":[{"count":69,"href":"https:\/\/whiterock.pl\/public\/index.php?rest_route=\/wp\/v2\/pages\/94\/revisions"}],"predecessor-version":[{"id":582,"href":"https:\/\/whiterock.pl\/public\/index.php?rest_route=\/wp\/v2\/pages\/94\/revisions\/582"}],"wp:attachment":[{"href":"https:\/\/whiterock.pl\/public\/index.php?rest_route=%2Fwp%2Fv2%2Fmedia&parent=94"}],"curies":[{"name":"wp","href":"https:\/\/api.w.org\/{rel}","templated":true}]}}